{"id":947,"date":"2018-08-31T18:00:53","date_gmt":"2018-08-31T21:00:53","guid":{"rendered":"https:\/\/istasuperior-sgo.infd.edu.ar\/sitio\/segundo-ano\/"},"modified":"2025-03-05T10:46:15","modified_gmt":"2025-03-05T13:46:15","slug":"segundo-ano","status":"publish","type":"page","link":"https:\/\/istasuperior-sgo.infd.edu.ar\/sitio\/segundo-ano\/","title":{"rendered":"Segundo A\u00f1o"},"content":{"rendered":"<p>ngrese a las Aulas (Contenidos) de Cada Unidad Curricular, Haciendo Click en el nombre correspondiente<\/p>\n<p><img decoding=\"async\" loading=\"lazy\" title=\"Vi\u00f1eta\" src=\"https:\/\/istasuperior-sgo.infd.edu.ar\/sitio\/wp-content\/uploads\/2018\/08\/Vi%C3%B1eta-marron.gif\" alt=\"Vi\u00f1eta\" width=\"13\" height=\"13\" border=\"0\" \/>\u00a0<a title=\"Sociolog\u00eda de la Educaci\u00f3n\" href=\"https:\/\/istasuperior-sgo.infd.edu.ar\/aula\/index.cgi?id_curso=46\">Sociolog\u00eda de la Educaci\u00f3n (Soci\u00f3logo Nicol\u00e1s Ricardo Chazarreta)\u00a0<\/a><img decoding=\"async\" loading=\"lazy\" title=\"Nicol\u00e1s Chazarreta\" src=\"https:\/\/istasuperior-sgo.infd.edu.ar\/sitio\/wp-content\/uploads\/2018\/08\/foto0846.jpg\" alt=\"Nicol\u00e1s Chazarreta\" width=\"54\" height=\"56\" border=\"0\" \/><\/p>\n<p><img decoding=\"async\" loading=\"lazy\" title=\"Vi\u00f1eta\" src=\"https:\/\/istasuperior-sgo.infd.edu.ar\/sitio\/wp-content\/uploads\/2018\/08\/Vi%C3%B1eta-marron.gif\" alt=\"Vi\u00f1eta\" width=\"13\" height=\"13\" border=\"0\" \/>\u00a0<a title=\"Historia de la Educaci\u00f3n y Pol\u00edtica Educativa Argentina\" href=\"https:\/\/istasuperior-sgo.infd.edu.ar\/aula\/index.cgi?id_curso=70\">Historia de la Educaci\u00f3n y Pol\u00edtica Ed. Argentina (Profesora Mar\u00eda Rosa Saad)<\/a>\u00a0<img decoding=\"async\" loading=\"lazy\" title=\"Mar\u00eda Rosa Saad\" src=\"https:\/\/istasuperior-sgo.infd.edu.ar\/sitio\/wp-content\/uploads\/2018\/08\/foto0959.jpg\" alt=\"Mar\u00eda Rosa Saad\" width=\"56\" height=\"63\" border=\"0\" \/><\/p>\n<p><img decoding=\"async\" loading=\"lazy\" title=\"Vi\u00f1eta\" src=\"https:\/\/istasuperior-sgo.infd.edu.ar\/sitio\/wp-content\/uploads\/2018\/08\/Vi%C3%B1eta-marron.gif\" alt=\"Vi\u00f1eta\" width=\"13\" height=\"13\" border=\"0\" \/>\u00a0<a title=\"Historia Argentina y Latinoamericana\" href=\"https:\/\/istasuperior-sgo.infd.edu.ar\/aula\/index.cgi?id_curso=69\">Historia Argentina y Latinoamericana (Profesora Laura Maldonado)<\/a>\u00a0<img decoding=\"async\" loading=\"lazy\" title=\"Foto\" src=\"https:\/\/istasuperior-sgo.infd.edu.ar\/sitio\/wp-content\/uploads\/2018\/08\/foto0019.jpg\" alt=\"Foto\" width=\"49\" height=\"66\" border=\"0\" \/><\/p>\n<p><img decoding=\"async\" loading=\"lazy\" title=\"Vi\u00f1eta\" src=\"https:\/\/istasuperior-sgo.infd.edu.ar\/sitio\/wp-content\/uploads\/2018\/08\/Vi%C3%B1eta-marron.gif\" alt=\"Vi\u00f1eta\" width=\"13\" height=\"13\" border=\"0\" \/>\u00a0<a title=\"Filosof\u00eda\" href=\"https:\/\/istasuperior-sgo.infd.edu.ar\/aula\/index.cgi?id_curso=44\">Filosof\u00eda de la Educaci\u00f3n (Profesor Nestor Trejo)<\/a>\u00a0<img decoding=\"async\" loading=\"lazy\" title=\"Nestro Trejo\" src=\"https:\/\/istasuperior-sgo.infd.edu.ar\/sitio\/wp-content\/uploads\/2018\/08\/WP_20170411_10_21_05_Pro.jpg\" alt=\"Nestro Trejo\" width=\"43\" height=\"56\" border=\"0\" \/><\/p>\n<p><img decoding=\"async\" loading=\"lazy\" title=\"Vi\u00f1eta\" src=\"https:\/\/istasuperior-sgo.infd.edu.ar\/sitio\/wp-content\/uploads\/2018\/08\/Vi%C3%B1eta-marron.gif\" alt=\"Vi\u00f1eta\" width=\"13\" height=\"13\" border=\"0\" \/>\u00a0<a title=\"Pr\u00e1ctica II\" href=\"https:\/\/istasuperior-sgo.infd.edu.ar\/aula\/index.cgi?id_curso=81\">Pr\u00e1ctica II\u00a0 &#8211; Curriculum Sujetos y Contexto (Profesora Mar\u00eda Margar\u00eda)<\/a>\u00a0<a title=\"Sujeto de Nivel Primario\" href=\"https:\/\/istasuperior-sgo.infd.edu.ar\/aula\/index.cgi?id_curso=43\"><img decoding=\"async\" loading=\"lazy\" title=\"Foto\" src=\"https:\/\/istasuperior-sgo.infd.edu.ar\/sitio\/wp-content\/uploads\/2018\/08\/foto0092.jpg\" alt=\"Foto\" width=\"48\" height=\"64\" border=\"0\" \/><\/a><\/p>\n<p><img decoding=\"async\" loading=\"lazy\" title=\"Vi\u00f1eta\" src=\"https:\/\/istasuperior-sgo.infd.edu.ar\/sitio\/wp-content\/uploads\/2018\/08\/Vi%C3%B1eta-marron.gif\" alt=\"Vi\u00f1eta\" width=\"13\" height=\"13\" border=\"0\" \/>\u00a0<a title=\"Sujeto de Nivel Primario\" href=\"https:\/\/istasuperior-sgo.infd.edu.ar\/aula\/index.cgi?id_curso=43\">Sujeto de Nivel Primario (Profesora Ayelen Sayago) <\/a><a title=\"Expresi\u00f3n Art\u00edstica: Teatro\" href=\"https:\/\/istasuperior-sgo.infd.edu.ar\/aula\/index.cgi?id_curso=68&amp;id_curso_ant=67\"><img decoding=\"async\" loading=\"lazy\" class=\"alignnone  wp-image-872\" src=\"https:\/\/istasuperior-sgo.infd.edu.ar\/sitio\/wp-content\/uploads\/2018\/08\/hombre.jpg\" alt=\"\" width=\"60\" height=\"60\" \/><\/a><\/p>\n<p><img decoding=\"async\" loading=\"lazy\" title=\"Vi\u00f1eta\" src=\"https:\/\/istasuperior-sgo.infd.edu.ar\/sitio\/wp-content\/uploads\/2018\/08\/Vi%C3%B1eta-marron.gif\" alt=\"Vi\u00f1eta\" width=\"13\" height=\"13\" border=\"0\" \/>\u00a0<a title=\"Did\u00e1ctica de la Lengua y de la Literatura\" href=\"https:\/\/istasuperior-sgo.infd.edu.ar\/aula\/index.cgi?id_curso=100&amp;id_curso_ant=99\">Did\u00e1ctica de la Lengua y de la Literatura (Profesora Marta P\u00e9cora)<\/a> \u00a0<img decoding=\"async\" loading=\"lazy\" title=\"Foto\" src=\"https:\/\/istasuperior-sgo.infd.edu.ar\/sitio\/wp-content\/uploads\/2018\/08\/foto0096.jpg\" alt=\"Foto\" width=\"50\" height=\"67\" border=\"0\" \/><\/p>\n<p><img decoding=\"async\" loading=\"lazy\" title=\"Vi\u00f1eta\" src=\"https:\/\/istasuperior-sgo.infd.edu.ar\/sitio\/wp-content\/uploads\/2018\/08\/Vi%C3%B1eta-marron.gif\" alt=\"Vi\u00f1eta\" width=\"13\" height=\"13\" border=\"0\" \/>\u00a0<a title=\"Did\u00e1ctica de la Matem\u00e1tica\" href=\"https:\/\/istasuperior-sgo.infd.edu.ar\/aula\/index.cgi?id_curso=101\">Did\u00e1ctica de la Matem\u00e1tica (Profesora Ivana Rossi)<\/a> <a title=\"Expresi\u00f3n Art\u00edstica: Teatro\" href=\"https:\/\/istasuperior-sgo.infd.edu.ar\/aula\/index.cgi?id_curso=68&amp;id_curso_ant=67\"><img decoding=\"async\" loading=\"lazy\" class=\"alignnone  wp-image-872\" src=\"https:\/\/istasuperior-sgo.infd.edu.ar\/sitio\/wp-content\/uploads\/2018\/08\/hombre.jpg\" alt=\"\" width=\"60\" height=\"60\" \/><\/a><\/p>\n<p><a title=\"Aula Educaci\u00f3n Tecnol\u00f3gica y su Did\u00e1ctica\" href=\"https:\/\/istasuperior-sgo.infd.edu.ar\/aula\/index.cgi?id_curso=36\" target=\"_blank\" rel=\"noopener\"><img decoding=\"async\" loading=\"lazy\" title=\"Vi\u00f1eta\" src=\"https:\/\/istasuperior-sgo.infd.edu.ar\/sitio\/wp-content\/uploads\/2018\/08\/Vi%C3%B1eta-marron.gif\" alt=\"Vi\u00f1eta\" width=\"13\" height=\"13\" border=\"0\" \/><\/a>\u00a0<a title=\"Aula de Educaci\u00f3n Tecnol\u00f3gica\" href=\"https:\/\/istasuperior-sgo.infd.edu.ar\/aula\/index.cgi?id_curso=36\">Educaci\u00f3n Tecnol\u00f3gica y su Did\u00e1ctica\u00a0(Profesor Carlos Barrera)<\/a>\u00a0<img decoding=\"async\" loading=\"lazy\" class=\"alignnone wp-image-1048\" src=\"https:\/\/istasuperior-sgo.infd.edu.ar\/sitio\/wp-content\/uploads\/2019\/03\/Carlos-Barrera.jpg\" alt=\"\" width=\"59\" height=\"72\" \/><\/p>\n<p><img decoding=\"async\" loading=\"lazy\" title=\"Vi\u00f1eta\" src=\"https:\/\/istasuperior-sgo.infd.edu.ar\/sitio\/wp-content\/uploads\/2018\/08\/Vi%C3%B1eta-marron.gif\" alt=\"Vi\u00f1eta\" width=\"13\" height=\"13\" border=\"0\" \/>\u00a0<a title=\"Educaci\u00f3n F\u00edsica\" href=\"https:\/\/istasuperior-sgo.infd.edu.ar\/aula\/index.cgi?id_curso=82\">EDI: Educaci\u00f3n F\u00edsica &#8211; 1\u00b0 Cuat &#8211; (Profesora Mariana Gallo)<\/a> <a title=\"Expresi\u00f3n Art\u00edstica: Teatro\" href=\"https:\/\/istasuperior-sgo.infd.edu.ar\/aula\/index.cgi?id_curso=68&amp;id_curso_ant=67\"><img decoding=\"async\" loading=\"lazy\" class=\"alignnone  wp-image-872\" src=\"https:\/\/istasuperior-sgo.infd.edu.ar\/sitio\/wp-content\/uploads\/2018\/08\/hombre.jpg\" alt=\"\" width=\"60\" height=\"60\" \/><\/a><\/p>\n<p><img decoding=\"async\" loading=\"lazy\" title=\"Vi\u00f1eta\" src=\"https:\/\/istasuperior-sgo.infd.edu.ar\/sitio\/wp-content\/uploads\/2018\/08\/Vi%C3%B1eta-marron.gif\" alt=\"Vi\u00f1eta\" width=\"13\" height=\"13\" border=\"0\" \/>\u00a0<a title=\"EDI: Alfabetizaci\u00f3n Cient\u00edfica\" href=\"https:\/\/istasuperior-sgo.infd.edu.ar\/aula\/index.cgi?id_curso=92&amp;id_curso_ant=49\">EDI: Alfabetizaci\u00f3n Cient\u00edfica &#8211; 2\u00b0 Cuat &#8211; (Profesora Neli Sacundo)<\/a>\u00a0<img decoding=\"async\" loading=\"lazy\" title=\"Foto\" src=\"https:\/\/istasuperior-sgo.infd.edu.ar\/sitio\/wp-content\/uploads\/2018\/08\/foto0023.jpg\" alt=\"Foto\" width=\"53\" height=\"70\" border=\"0\" \/><\/p>\n<p><img decoding=\"async\" loading=\"lazy\" title=\"Vi\u00f1eta\" src=\"https:\/\/istasuperior-sgo.infd.edu.ar\/sitio\/wp-content\/uploads\/2018\/08\/Vi%C3%B1eta-marron.gif\" alt=\"Vi\u00f1eta\" width=\"13\" height=\"13\" border=\"0\" \/>\u00a0<a title=\"Teolog\u00eda II\" href=\"https:\/\/istasuperior-sgo.infd.edu.ar\/aula\/index.cgi?id_curso=84\">Teolog\u00eda II (Profesor Mariano Valentini<\/a>) <img decoding=\"async\" loading=\"lazy\" class=\"alignnone  wp-image-872\" src=\"https:\/\/istasuperior-sgo.infd.edu.ar\/sitio\/wp-content\/uploads\/2018\/08\/hombre.jpg\" alt=\"\" width=\"60\" height=\"60\" \/><\/p>\n","protected":false},"excerpt":{"rendered":"<p>ngrese a las Aulas (Contenidos) de Cada Unidad Curricular, Haciendo Click en el nombre correspondiente \u00a0Sociolog\u00eda de la Educaci\u00f3n (Soci\u00f3logo Nicol\u00e1s Ricardo Chazarreta)\u00a0 \u00a0Historia de la Educaci\u00f3n y Pol\u00edtica Ed. Argentina (Profesora Mar\u00eda Rosa Saad)\u00a0 \u00a0Historia Argentina y Latinoamericana (Profesora Laura Maldonado)\u00a0 \u00a0Filosof\u00eda de la Educaci\u00f3n (Profesor Nestor Trejo)\u00a0 \u00a0Pr\u00e1ctica II\u00a0 &#8211; Curriculum Sujetos y &#8230; <a title=\"Segundo A\u00f1o\" class=\"read-more\" href=\"https:\/\/istasuperior-sgo.infd.edu.ar\/sitio\/segundo-ano\/\" aria-label=\"More on Segundo A\u00f1o\">[+]<\/a><\/p>\n","protected":false},"author":393,"featured_media":0,"parent":0,"menu_order":0,"comment_status":"closed","ping_status":"closed","template":"","meta":[],"acf":[],"_links":{"self":[{"href":"https:\/\/istasuperior-sgo.infd.edu.ar\/sitio\/wp-json\/wp\/v2\/pages\/947"}],"collection":[{"href":"https:\/\/istasuperior-sgo.infd.edu.ar\/sitio\/wp-json\/wp\/v2\/pages"}],"about":[{"href":"https:\/\/istasuperior-sgo.infd.edu.ar\/sitio\/wp-json\/wp\/v2\/types\/page"}],"author":[{"embeddable":true,"href":"https:\/\/istasuperior-sgo.infd.edu.ar\/sitio\/wp-json\/wp\/v2\/users\/393"}],"replies":[{"embeddable":true,"href":"https:\/\/istasuperior-sgo.infd.edu.ar\/sitio\/wp-json\/wp\/v2\/comments?post=947"}],"version-history":[{"count":14,"href":"https:\/\/istasuperior-sgo.infd.edu.ar\/sitio\/wp-json\/wp\/v2\/pages\/947\/revisions"}],"predecessor-version":[{"id":1385,"href":"https:\/\/istasuperior-sgo.infd.edu.ar\/sitio\/wp-json\/wp\/v2\/pages\/947\/revisions\/1385"}],"wp:attachment":[{"href":"https:\/\/istasuperior-sgo.infd.edu.ar\/sitio\/wp-json\/wp\/v2\/media?parent=947"}],"curies":[{"name":"wp","href":"https:\/\/api.w.org\/{rel}","templated":true}]}}